{"id":14,"date":"2021-09-14T14:05:41","date_gmt":"2021-09-14T14:05:41","guid":{"rendered":"http:\/\/besna.com.tr\/?page_id=14"},"modified":"2024-05-01T22:04:46","modified_gmt":"2024-05-01T22:04:46","slug":"anasayfa","status":"publish","type":"page","link":"https:\/\/besna.com.tr\/","title":{"rendered":"Anasayfa"},"content":{"rendered":"\t\t<div data-elementor-type=\"wp-page\" data-elementor-id=\"14\" class=\"elementor elementor-14\" data-elementor-post-type=\"page\">\n\t\t\t\t\t\t<section class=\"elementor-section elementor-top-section elementor-element elementor-element-025f01f elementor-section-height-full elementor-section-boxed elementor-section-height-default elementor-section-items-middle\" data-id=\"025f01f\" data-element_type=\"section\" data-settings=\"{&quot;background_background&quot;:&quot;slideshow&quot;,&quot;background_slideshow_gallery&quot;:[{&quot;id&quot;:766,&quot;url&quot;:&quot;http:\\\/\\\/besna.com.tr\\\/wp-content\\\/uploads\\\/2022\\\/08\\\/Cephe-6-scaled-e1661697853727.jpg&quot;},{&quot;id&quot;:581,&quot;url&quot;:&quot;http:\\\/\\\/besna.com.tr\\\/wp-content\\\/uploads\\\/2021\\\/09\\\/9-2.jpg&quot;},{&quot;id&quot;:814,&quot;url&quot;:&quot;http:\\\/\\\/besna.com.tr\\\/wp-content\\\/uploads\\\/2022\\\/08\\\/54-52-gunduz.jpg&quot;},{&quot;id&quot;:582,&quot;url&quot;:&quot;http:\\\/\\\/besna.com.tr\\\/wp-content\\\/uploads\\\/2021\\\/09\\\/8-2.jpg&quot;}],&quot;background_slideshow_loop&quot;:&quot;yes&quot;,&quot;background_slideshow_slide_duration&quot;:5000,&quot;background_slideshow_slide_transition&quot;:&quot;fade&quot;,&quot;background_slideshow_transition_duration&quot;:500}\">\n\t\t\t\t\t\t\t<div class=\"elementor-background-overlay\"><\/div>\n\t\t\t\t\t\t\t<div class=\"elementor-container elementor-column-gap-default\">\n\t\t\t\t\t<div class=\"elementor-column elementor-col-50 elementor-top-column elementor-element elementor-element-8b6a859\" data-id=\"8b6a859\" data-element_type=\"column\">\n\t\t\t<div class=\"elementor-widget-wrap\">\n\t\t\t\t\t\t\t<\/div>\n\t\t<\/div>\n\t\t\t\t<div class=\"elementor-column elementor-col-50 elementor-top-column elementor-element elementor-element-724a4e9\" data-id=\"724a4e9\" data-element_type=\"column\">\n\t\t\t<div class=\"elementor-widget-wrap elementor-element-populated\">\n\t\t\t\t\t\t<div class=\"elementor-element elementor-element-7b17ea1 elementor-widget elementor-widget-heading\" data-id=\"7b17ea1\" data-element_type=\"widget\" data-widget_type=\"heading.default\">\n\t\t\t\t<div class=\"elementor-widget-container\">\n\t\t\t\t\t<h2 class=\"elementor-heading-title elementor-size-default\">YEN\u0130L\u0130K\u00c7\u0130 VE MODERN PROJELER<\/h2>\t\t\t\t<\/div>\n\t\t\t\t<\/div>\n\t\t\t\t<div class=\"elementor-element elementor-element-3113b3f elementor-hidden-tablet elementor-hidden-mobile elementor-widget elementor-widget-text-editor\" data-id=\"3113b3f\" data-element_type=\"widget\" data-widget_type=\"text-editor.default\">\n\t\t\t\t<div class=\"elementor-widget-container\">\n\t\t\t\t\t\t\t\t\t<p>Fonksiyonel, konforlu ve rahat bir ya\u015fam s\u00fcrmenizi destekleyen, g\u00fcvenli\u011finizi ve sa\u011fl\u0131\u011f\u0131n\u0131z\u0131 koruyan sa\u011flam yap\u0131lar in\u015fa ediyoruz. \u00d6zg\u00fcr ve \u00f6zg\u00fcn bir ya\u015fam\u0131n temellerini ataca\u011f\u0131n\u0131z, ailenizle huzur ve keyif dolu bir ya\u015fam s\u00fcrece\u011finiz ayr\u0131cal\u0131kl\u0131 ya\u015fam alanlar\u0131n\u0131, merkezi konumlara in\u015fa ederek hayat\u0131n\u0131z\u0131 kolayla\u015ft\u0131r\u0131yoruz. Besna\u2019n\u0131n ayr\u0131cal\u0131kl\u0131 ya\u015fam\u0131na siz de kat\u0131labilirsiniz.<\/p>\t\t\t\t\t\t\t\t<\/div>\n\t\t\t\t<\/div>\n\t\t\t\t<div class=\"elementor-element elementor-element-e85bb52 elementor-align-right elementor-mobile-align-center elementor-widget elementor-widget-button\" data-id=\"e85bb52\" data-element_type=\"widget\" data-widget_type=\"button.default\">\n\t\t\t\t<div class=\"elementor-widget-container\">\n\t\t\t\t\t\t\t\t\t<div class=\"elementor-button-wrapper\">\n\t\t\t\t\t<a class=\"elementor-button elementor-button-link elementor-size-sm\" href=\"https:\/\/besna.com.tr\/index.php\/projelerimiz\/\">\n\t\t\t\t\t\t<span class=\"elementor-button-content-wrapper\">\n\t\t\t\t\t\t\t\t\t<span class=\"elementor-button-text\">Detayl\u0131 Bilgi<\/span>\n\t\t\t\t\t<\/span>\n\t\t\t\t\t<\/a>\n\t\t\t\t<\/div>\n\t\t\t\t\t\t\t\t<\/div>\n\t\t\t\t<\/div>\n\t\t\t\t\t<\/div>\n\t\t<\/div>\n\t\t\t\t\t<\/div>\n\t\t<\/section>\n\t\t\t\t<section class=\"elementor-section elementor-top-section elementor-element elementor-element-153af8c6 elementor-section-boxed elementor-section-height-default elementor-section-height-default\" data-id=\"153af8c6\" data-element_type=\"section\">\n\t\t\t\t\t\t<div class=\"elementor-container elementor-column-gap-wide\">\n\t\t\t\t\t<div class=\"elementor-column elementor-col-50 elementor-top-column elementor-element elementor-element-4858d235\" data-id=\"4858d235\" data-element_type=\"column\">\n\t\t\t<div class=\"elementor-widget-wrap elementor-element-populated\">\n\t\t\t\t\t\t<div class=\"elementor-element elementor-element-286508ad elementor-widget elementor-widget-image\" data-id=\"286508ad\" data-element_type=\"widget\" data-widget_type=\"image.default\">\n\t\t\t\t<div class=\"elementor-widget-container\">\n\t\t\t\t\t\t\t\t\t\t\t\t\t\t\t<img fetchpriority=\"high\" decoding=\"async\" width=\"750\" height=\"502\" src=\"https:\/\/besna.com.tr\/wp-content\/uploads\/2021\/09\/Ekran-Resmi-2021-09-22-14.32.22-1024x686.png\" class=\"attachment-large size-large wp-image-532\" alt=\"\" srcset=\"https:\/\/besna.com.tr\/wp-content\/uploads\/2021\/09\/Ekran-Resmi-2021-09-22-14.32.22-1024x686.png 1024w, https:\/\/besna.com.tr\/wp-content\/uploads\/2021\/09\/Ekran-Resmi-2021-09-22-14.32.22-300x201.png 300w, https:\/\/besna.com.tr\/wp-content\/uploads\/2021\/09\/Ekran-Resmi-2021-09-22-14.32.22-768x515.png 768w, https:\/\/besna.com.tr\/wp-content\/uploads\/2021\/09\/Ekran-Resmi-2021-09-22-14.32.22-600x402.png 600w, https:\/\/besna.com.tr\/wp-content\/uploads\/2021\/09\/Ekran-Resmi-2021-09-22-14.32.22.png 1218w\" sizes=\"(max-width: 750px) 100vw, 750px\" style=\"width:100%;height:67%;max-width:1218px\" \/>\t\t\t\t\t\t\t\t\t\t\t\t\t\t\t<\/div>\n\t\t\t\t<\/div>\n\t\t\t\t<div class=\"elementor-element elementor-element-7e649f8 elementor-widget__width-initial elementor-absolute elementor-widget-mobile__width-initial elementor-widget elementor-widget-text-editor\" data-id=\"7e649f8\" data-element_type=\"widget\" data-settings=\"{&quot;_position&quot;:&quot;absolute&quot;}\" data-widget_type=\"text-editor.default\">\n\t\t\t\t<div class=\"elementor-widget-container\">\n\t\t\t\t\t\t\t\t\t<h5>\u00d6zg\u00fcn ve Kaliteli Ya\u015fam Alanlar\u0131 \u0130n\u015fa Ediyoruz.<\/h5>\t\t\t\t\t\t\t\t<\/div>\n\t\t\t\t<\/div>\n\t\t\t\t\t<\/div>\n\t\t<\/div>\n\t\t\t\t<div class=\"elementor-column elementor-col-50 elementor-top-column elementor-element elementor-element-9c784e5\" data-id=\"9c784e5\" data-element_type=\"column\">\n\t\t\t<div class=\"elementor-widget-wrap elementor-element-populated\">\n\t\t\t\t\t\t<div class=\"elementor-element elementor-element-4d245584 elementor-widget elementor-widget-heading\" data-id=\"4d245584\" data-element_type=\"widget\" data-widget_type=\"heading.default\">\n\t\t\t\t<div class=\"elementor-widget-container\">\n\t\t\t\t\t<h5 class=\"elementor-heading-title elementor-size-default\">Biz Kimiz<\/h5>\t\t\t\t<\/div>\n\t\t\t\t<\/div>\n\t\t\t\t<div class=\"elementor-element elementor-element-42eb6bca elementor-widget elementor-widget-heading\" data-id=\"42eb6bca\" data-element_type=\"widget\" data-widget_type=\"heading.default\">\n\t\t\t\t<div class=\"elementor-widget-container\">\n\t\t\t\t\t<h1 class=\"elementor-heading-title elementor-size-default\">BESNA'YI TANIYIN<\/h1>\t\t\t\t<\/div>\n\t\t\t\t<\/div>\n\t\t\t\t<div class=\"elementor-element elementor-element-1ef6d805 elementor-widget elementor-widget-text-editor\" data-id=\"1ef6d805\" data-element_type=\"widget\" data-widget_type=\"text-editor.default\">\n\t\t\t\t<div class=\"elementor-widget-container\">\n\t\t\t\t\t\t\t\t\t<p>Besna \u0130n\u015faat, \u00fclkemizin geli\u015fimine ve ekonomideki b\u00fcy\u00fcmesine paralel olarak ortaya \u00e7\u0131kan yeni gayrimenkul ihtiya\u00e7lar\u0131na cevap veren projeler geli\u015ftirmek amac\u0131yla 2013 y\u0131l\u0131nda kuruldu. \u00d6zg\u00fcn mimari yakla\u015f\u0131m\u0131, malzeme kalitesi, hizmetleri, teknolojik altyap\u0131s\u0131 ve lokasyonu ile fark yaratan projeler geli\u015ftirme misyonuyla faaliyet g\u00f6stermektedir.<\/p>\t\t\t\t\t\t\t\t<\/div>\n\t\t\t\t<\/div>\n\t\t\t\t\t<\/div>\n\t\t<\/div>\n\t\t\t\t\t<\/div>\n\t\t<\/section>\n\t\t\t\t<section class=\"elementor-section elementor-top-section elementor-element elementor-element-348536e elementor-section-boxed elementor-section-height-default elementor-section-height-default\" data-id=\"348536e\" data-element_type=\"section\" data-settings=\"{&quot;background_background&quot;:&quot;classic&quot;}\">\n\t\t\t\t\t\t<div class=\"elementor-container elementor-column-gap-wide\">\n\t\t\t\t\t<div class=\"elementor-column elementor-col-100 elementor-top-column elementor-element elementor-element-1ec63c14\" data-id=\"1ec63c14\" data-element_type=\"column\">\n\t\t\t<div class=\"elementor-widget-wrap elementor-element-populated\">\n\t\t\t\t\t\t<div class=\"elementor-element elementor-element-5ebf0079 elementor-widget elementor-widget-heading\" data-id=\"5ebf0079\" data-element_type=\"widget\" data-widget_type=\"heading.default\">\n\t\t\t\t<div class=\"elementor-widget-container\">\n\t\t\t\t\t<h5 class=\"elementor-heading-title elementor-size-default\">Size Sundu\u011fumuz<\/h5>\t\t\t\t<\/div>\n\t\t\t\t<\/div>\n\t\t\t\t<div class=\"elementor-element elementor-element-5c04178a elementor-widget elementor-widget-heading\" data-id=\"5c04178a\" data-element_type=\"widget\" data-widget_type=\"heading.default\">\n\t\t\t\t<div class=\"elementor-widget-container\">\n\t\t\t\t\t<h1 class=\"elementor-heading-title elementor-size-default\">Projerimiz<\/h1>\t\t\t\t<\/div>\n\t\t\t\t<\/div>\n\t\t\t\t\t<\/div>\n\t\t<\/div>\n\t\t\t\t\t<\/div>\n\t\t<\/section>\n\t\t\t\t<section class=\"elementor-section elementor-top-section elementor-element elementor-element-1e4cee1b elementor-section-boxed elementor-section-height-default elementor-section-height-default\" data-id=\"1e4cee1b\" data-element_type=\"section\" data-settings=\"{&quot;background_background&quot;:&quot;classic&quot;}\">\n\t\t\t\t\t\t<div class=\"elementor-container elementor-column-gap-wide\">\n\t\t\t\t\t<div class=\"elementor-column elementor-col-50 elementor-top-column elementor-element elementor-element-13bfa96\" data-id=\"13bfa96\" data-element_type=\"column\">\n\t\t\t<div class=\"elementor-widget-wrap elementor-element-populated\">\n\t\t\t\t\t\t<div class=\"elementor-element elementor-element-bdc4d06 elementor-position-top elementor-position-top elementor-widget elementor-widget-image-box\" data-id=\"bdc4d06\" data-element_type=\"widget\" data-widget_type=\"image-box.default\">\n\t\t\t\t<div class=\"elementor-widget-container\">\n\t\t\t\t\t<div class=\"elementor-image-box-wrapper\"><figure class=\"elementor-image-box-img\"><a href=\"https:\/\/besna.com.tr\/index.php\/mercan-konutlari\/\" tabindex=\"-1\"><img decoding=\"async\" width=\"1600\" height=\"1067\" src=\"https:\/\/besna.com.tr\/wp-content\/uploads\/2021\/11\/besna-han.jpg\" class=\"attachment-full size-full wp-image-693\" alt=\"\" style=\"width:100%;height:66.69%;max-width:1600px\" srcset=\"https:\/\/besna.com.tr\/wp-content\/uploads\/2021\/11\/besna-han.jpg 1600w, https:\/\/besna.com.tr\/wp-content\/uploads\/2021\/11\/besna-han-300x200.jpg 300w, https:\/\/besna.com.tr\/wp-content\/uploads\/2021\/11\/besna-han-1024x683.jpg 1024w, https:\/\/besna.com.tr\/wp-content\/uploads\/2021\/11\/besna-han-768x512.jpg 768w, https:\/\/besna.com.tr\/wp-content\/uploads\/2021\/11\/besna-han-1536x1024.jpg 1536w, https:\/\/besna.com.tr\/wp-content\/uploads\/2021\/11\/besna-han-1568x1046.jpg 1568w, https:\/\/besna.com.tr\/wp-content\/uploads\/2021\/11\/besna-han-600x400.jpg 600w\" sizes=\"(max-width: 1600px) 100vw, 1600px\" \/><\/a><\/figure><div class=\"elementor-image-box-content\"><h3 class=\"elementor-image-box-title\"><a href=\"https:\/\/besna.com.tr\/index.php\/mercan-konutlari\/\">Besna Han<\/a><\/h3><p class=\"elementor-image-box-description\">\u015eehir merkezinde, kaliteyi, modern ve \u015f\u0131k dekorasyonu tercih edenlerin adresi Besna Han<\/p><\/div><\/div>\t\t\t\t<\/div>\n\t\t\t\t<\/div>\n\t\t\t\t<div class=\"elementor-element elementor-element-f761b2e elementor-position-top elementor-position-top elementor-widget elementor-widget-image-box\" data-id=\"f761b2e\" data-element_type=\"widget\" data-widget_type=\"image-box.default\">\n\t\t\t\t<div class=\"elementor-widget-container\">\n\t\t\t\t\t<div class=\"elementor-image-box-wrapper\"><figure class=\"elementor-image-box-img\"><a href=\"https:\/\/besna.com.tr\/index.php\/mercan-konutlari\/\" tabindex=\"-1\"><img decoding=\"async\" width=\"1600\" height=\"1067\" src=\"https:\/\/besna.com.tr\/wp-content\/uploads\/2021\/09\/Untitled-4-2.jpg\" class=\"attachment-full size-full wp-image-579\" alt=\"\" style=\"width:100%;height:66.69%;max-width:1600px\" srcset=\"https:\/\/besna.com.tr\/wp-content\/uploads\/2021\/09\/Untitled-4-2.jpg 1600w, https:\/\/besna.com.tr\/wp-content\/uploads\/2021\/09\/Untitled-4-2-300x200.jpg 300w, https:\/\/besna.com.tr\/wp-content\/uploads\/2021\/09\/Untitled-4-2-1024x683.jpg 1024w, https:\/\/besna.com.tr\/wp-content\/uploads\/2021\/09\/Untitled-4-2-768x512.jpg 768w, https:\/\/besna.com.tr\/wp-content\/uploads\/2021\/09\/Untitled-4-2-1536x1024.jpg 1536w, https:\/\/besna.com.tr\/wp-content\/uploads\/2021\/09\/Untitled-4-2-1568x1046.jpg 1568w, https:\/\/besna.com.tr\/wp-content\/uploads\/2021\/09\/Untitled-4-2-600x400.jpg 600w\" sizes=\"(max-width: 1600px) 100vw, 1600px\" \/><\/a><\/figure><div class=\"elementor-image-box-content\"><h3 class=\"elementor-image-box-title\"><a href=\"https:\/\/besna.com.tr\/index.php\/mercan-konutlari\/\">Besna Mercan<\/a><\/h3><p class=\"elementor-image-box-description\">Mutlu bir ya\u015fam\u0131, kaliteyi ve konforu se\u00e7enler Mercan Konutlar\u0131'nda bulu\u015ftu ve huzurlu bir ya\u015fam ba\u015flad\u0131.<\/p><\/div><\/div>\t\t\t\t<\/div>\n\t\t\t\t<\/div>\n\t\t\t\t\t<\/div>\n\t\t<\/div>\n\t\t\t\t<div class=\"elementor-column elementor-col-50 elementor-top-column elementor-element elementor-element-4ecdcc92\" data-id=\"4ecdcc92\" data-element_type=\"column\">\n\t\t\t<div class=\"elementor-widget-wrap elementor-element-populated\">\n\t\t\t\t\t\t<div class=\"elementor-element elementor-element-51face8 elementor-position-top elementor-position-top elementor-widget elementor-widget-image-box\" data-id=\"51face8\" data-element_type=\"widget\" data-widget_type=\"image-box.default\">\n\t\t\t\t<div class=\"elementor-widget-container\">\n\t\t\t\t\t<div class=\"elementor-image-box-wrapper\"><figure class=\"elementor-image-box-img\"><a href=\"https:\/\/besna.com.tr\/index.php\/besna-turkuaz\/\" tabindex=\"-1\"><img loading=\"lazy\" decoding=\"async\" width=\"1600\" height=\"1067\" src=\"https:\/\/besna.com.tr\/wp-content\/uploads\/2021\/09\/Untitled-3.jpg\" class=\"attachment-full size-full wp-image-138\" alt=\"\" style=\"width:100%;height:66.69%;max-width:1600px\" srcset=\"https:\/\/besna.com.tr\/wp-content\/uploads\/2021\/09\/Untitled-3.jpg 1600w, https:\/\/besna.com.tr\/wp-content\/uploads\/2021\/09\/Untitled-3-300x200.jpg 300w, https:\/\/besna.com.tr\/wp-content\/uploads\/2021\/09\/Untitled-3-1024x683.jpg 1024w, https:\/\/besna.com.tr\/wp-content\/uploads\/2021\/09\/Untitled-3-768x512.jpg 768w, https:\/\/besna.com.tr\/wp-content\/uploads\/2021\/09\/Untitled-3-1536x1024.jpg 1536w, https:\/\/besna.com.tr\/wp-content\/uploads\/2021\/09\/Untitled-3-1568x1046.jpg 1568w, https:\/\/besna.com.tr\/wp-content\/uploads\/2021\/09\/Untitled-3-600x400.jpg 600w\" sizes=\"(max-width: 1600px) 100vw, 1600px\" \/><\/a><\/figure><div class=\"elementor-image-box-content\"><h3 class=\"elementor-image-box-title\"><a href=\"https:\/\/besna.com.tr\/index.php\/besna-turkuaz\/\">Besna Turkuaz<\/a><\/h3><p class=\"elementor-image-box-description\">Hem i\u015flevsel hem de estetik unsurlar\u0131 birlikte bar\u0131nd\u0131ran Turkuaz, modern ve \u015f\u0131k dekorasyonuyla \u00f6ne \u00e7\u0131k\u0131yor.<\/p><\/div><\/div>\t\t\t\t<\/div>\n\t\t\t\t<\/div>\n\t\t\t\t<div class=\"elementor-element elementor-element-d027ce4 elementor-position-top elementor-position-top elementor-widget elementor-widget-image-box\" data-id=\"d027ce4\" data-element_type=\"widget\" data-widget_type=\"image-box.default\">\n\t\t\t\t<div class=\"elementor-widget-container\">\n\t\t\t\t\t<div class=\"elementor-image-box-wrapper\"><figure class=\"elementor-image-box-img\"><a href=\"https:\/\/besna.com.tr\/index.php\/besna-konagi\/\" tabindex=\"-1\"><img loading=\"lazy\" decoding=\"async\" width=\"1600\" height=\"1067\" src=\"https:\/\/besna.com.tr\/wp-content\/uploads\/2021\/09\/Untitled-2.jpg\" class=\"attachment-full size-full wp-image-139\" alt=\"\" style=\"width:100%;height:66.69%;max-width:1600px\" srcset=\"https:\/\/besna.com.tr\/wp-content\/uploads\/2021\/09\/Untitled-2.jpg 1600w, https:\/\/besna.com.tr\/wp-content\/uploads\/2021\/09\/Untitled-2-300x200.jpg 300w, https:\/\/besna.com.tr\/wp-content\/uploads\/2021\/09\/Untitled-2-1024x683.jpg 1024w, https:\/\/besna.com.tr\/wp-content\/uploads\/2021\/09\/Untitled-2-768x512.jpg 768w, https:\/\/besna.com.tr\/wp-content\/uploads\/2021\/09\/Untitled-2-1536x1024.jpg 1536w, https:\/\/besna.com.tr\/wp-content\/uploads\/2021\/09\/Untitled-2-1568x1046.jpg 1568w, https:\/\/besna.com.tr\/wp-content\/uploads\/2021\/09\/Untitled-2-600x400.jpg 600w\" sizes=\"(max-width: 1600px) 100vw, 1600px\" \/><\/a><\/figure><div class=\"elementor-image-box-content\"><h3 class=\"elementor-image-box-title\"><a href=\"https:\/\/besna.com.tr\/index.php\/besna-konagi\/\">Besna Kona\u011f\u0131<\/a><\/h3><p class=\"elementor-image-box-description\">Besna Kona\u011f\u0131nda, mutlu bir ya\u015fam ba\u015flad\u0131. Bizi se\u00e7en m\u00fc\u015fterilerimize Besna fark\u0131n\u0131 ya\u015fatmaya devam edece\u011fiz.<\/p><\/div><\/div>\t\t\t\t<\/div>\n\t\t\t\t<\/div>\n\t\t\t\t\t<\/div>\n\t\t<\/div>\n\t\t\t\t\t<\/div>\n\t\t<\/section>\n\t\t\t\t<section class=\"elementor-section elementor-top-section elementor-element elementor-element-1e0c9cf9 elementor-section-boxed elementor-section-height-default elementor-section-height-default\" data-id=\"1e0c9cf9\" data-element_type=\"section\">\n\t\t\t\t\t\t<div class=\"elementor-container elementor-column-gap-wide\">\n\t\t\t\t\t<div class=\"elementor-column elementor-col-33 elementor-top-column elementor-element elementor-element-3bcc9cfa\" data-id=\"3bcc9cfa\" data-element_type=\"column\">\n\t\t\t<div class=\"elementor-widget-wrap elementor-element-populated\">\n\t\t\t\t\t\t<div class=\"elementor-element elementor-element-4d8f086e elementor-widget elementor-widget-heading\" data-id=\"4d8f086e\" data-element_type=\"widget\" data-widget_type=\"heading.default\">\n\t\t\t\t<div class=\"elementor-widget-container\">\n\t\t\t\t\t<h5 class=\"elementor-heading-title elementor-size-default\">Besna Ayr\u0131cal\u0131kl\u0131<\/h5>\t\t\t\t<\/div>\n\t\t\t\t<\/div>\n\t\t\t\t<div class=\"elementor-element elementor-element-61d4347e elementor-widget elementor-widget-heading\" data-id=\"61d4347e\" data-element_type=\"widget\" data-widget_type=\"heading.default\">\n\t\t\t\t<div class=\"elementor-widget-container\">\n\t\t\t\t\t<h2 class=\"elementor-heading-title elementor-size-default\">Kaliteli\nDokunu\u015flar<\/h2>\t\t\t\t<\/div>\n\t\t\t\t<\/div>\n\t\t\t\t<div class=\"elementor-element elementor-element-23ee136f elementor-widget elementor-widget-text-editor\" data-id=\"23ee136f\" data-element_type=\"widget\" data-widget_type=\"text-editor.default\">\n\t\t\t\t<div class=\"elementor-widget-container\">\n\t\t\t\t\t\t\t\t\t<p>\u0130n\u015fas\u0131 tamamlanm\u0131\u015f ve devam etmekte olan t\u00fcm projelerimizde konfor ve fonksiyonelli\u011fe \u00f6nem veriyoruz.<\/p><p>Kulland\u0131\u011f\u0131m\u0131z \u00fcr\u00fcnlerin;<\/p><ul><li>Uzun \u00f6m\u00fcrl\u00fc<\/li><li>Kolay Temizlenebilir<\/li><li>Kullan\u0131m\u0131 Kolay<\/li><li>Sa\u011flam<\/li><\/ul><p>olmas\u0131na dikkat ediyor ve d\u00fcnya markalar\u0131n\u0131 kullan\u0131yoruz.<\/p>\t\t\t\t\t\t\t\t<\/div>\n\t\t\t\t<\/div>\n\t\t\t\t\t<\/div>\n\t\t<\/div>\n\t\t\t\t<div class=\"elementor-column elementor-col-33 elementor-top-column elementor-element elementor-element-a35b22\" data-id=\"a35b22\" data-element_type=\"column\">\n\t\t\t<div class=\"elementor-widget-wrap elementor-element-populated\">\n\t\t\t\t\t\t<div class=\"elementor-element elementor-element-17fbc06f elementor-widget elementor-widget-image\" data-id=\"17fbc06f\" data-element_type=\"widget\" data-widget_type=\"image.default\">\n\t\t\t\t<div class=\"elementor-widget-container\">\n\t\t\t\t\t\t\t\t\t\t\t\t\t\t\t<img loading=\"lazy\" decoding=\"async\" width=\"750\" height=\"889\" src=\"https:\/\/besna.com.tr\/wp-content\/uploads\/2021\/09\/1-4-864x1024.jpg\" class=\"attachment-large size-large wp-image-536\" alt=\"\" srcset=\"https:\/\/besna.com.tr\/wp-content\/uploads\/2021\/09\/1-4-864x1024.jpg 864w, https:\/\/besna.com.tr\/wp-content\/uploads\/2021\/09\/1-4-253x300.jpg 253w, https:\/\/besna.com.tr\/wp-content\/uploads\/2021\/09\/1-4-768x910.jpg 768w, https:\/\/besna.com.tr\/wp-content\/uploads\/2021\/09\/1-4-600x711.jpg 600w, https:\/\/besna.com.tr\/wp-content\/uploads\/2021\/09\/1-4.jpg 894w\" sizes=\"(max-width: 750px) 100vw, 750px\" style=\"width:100%;height:118.46%;max-width:894px\" \/>\t\t\t\t\t\t\t\t\t\t\t\t\t\t\t<\/div>\n\t\t\t\t<\/div>\n\t\t\t\t\t<\/div>\n\t\t<\/div>\n\t\t\t\t<div class=\"elementor-column elementor-col-33 elementor-top-column elementor-element elementor-element-40aef1f5\" data-id=\"40aef1f5\" data-element_type=\"column\">\n\t\t\t<div class=\"elementor-widget-wrap elementor-element-populated\">\n\t\t\t\t\t\t<section class=\"elementor-section elementor-inner-section elementor-element elementor-element-44f2b454 elementor-section-height-min-height elementor-section-boxed elementor-section-height-default\" data-id=\"44f2b454\" data-element_type=\"section\" data-settings=\"{&quot;background_background&quot;:&quot;classic&quot;}\">\n\t\t\t\t\t\t<div class=\"elementor-container elementor-column-gap-wide\">\n\t\t\t\t\t<div class=\"elementor-column elementor-col-100 elementor-inner-column elementor-element elementor-element-23bad637\" data-id=\"23bad637\" data-element_type=\"column\">\n\t\t\t<div class=\"elementor-widget-wrap elementor-element-populated\">\n\t\t\t\t\t\t<div class=\"elementor-element elementor-element-e909bfa elementor-widget elementor-widget-heading\" data-id=\"e909bfa\" data-element_type=\"widget\" data-widget_type=\"heading.default\">\n\t\t\t\t<div class=\"elementor-widget-container\">\n\t\t\t\t\t<h4 class=\"elementor-heading-title elementor-size-default\">Ayr\u0131cal\u0131kl\u0131 Konum<\/h4>\t\t\t\t<\/div>\n\t\t\t\t<\/div>\n\t\t\t\t<div class=\"elementor-element elementor-element-32cb4887 elementor-widget elementor-widget-text-editor\" data-id=\"32cb4887\" data-element_type=\"widget\" data-widget_type=\"text-editor.default\">\n\t\t\t\t<div class=\"elementor-widget-container\">\n\t\t\t\t\t\t\t\t\t<p>Hayat\u0131n ak\u0131\u015f\u0131n\u0131 ka\u00e7\u0131rmadan, d\u00fczen i\u00e7inde ya\u015fayabilece\u011fiz merkezi konum ile huzur ve keyif dolu bir ya\u015fam\u0131n kap\u0131lar\u0131n\u0131 aralay\u0131n.\u00a0Hayalini kurdu\u011funuz kalite ve g\u00fcven dolu evler, ya\u015fam\u0131n\u0131za konfor, prestij ve mutlulu\u011fu da beraberinde getiriyor.<\/p>\t\t\t\t\t\t\t\t<\/div>\n\t\t\t\t<\/div>\n\t\t\t\t\t<\/div>\n\t\t<\/div>\n\t\t\t\t\t<\/div>\n\t\t<\/section>\n\t\t\t\t\t<\/div>\n\t\t<\/div>\n\t\t\t\t\t<\/div>\n\t\t<\/section>\n\t\t\t\t<\/div>\n\t\t","protected":false},"excerpt":{"rendered":"<p>YEN\u0130L\u0130K\u00c7\u0130 VE MODERN PROJELER Fonksiyonel, konforlu ve rahat bir ya\u015fam s\u00fcrmenizi destekleyen, g\u00fcvenli\u011finizi ve sa\u011fl\u0131\u011f\u0131n\u0131z\u0131 koruyan sa\u011flam yap\u0131lar in\u015fa ediyoruz. \u00d6zg\u00fcr ve \u00f6zg\u00fcn bir ya\u015fam\u0131n temellerini ataca\u011f\u0131n\u0131z, ailenizle huzur ve keyif dolu bir ya\u015fam s\u00fcrece\u011finiz ayr\u0131cal\u0131kl\u0131 ya\u015fam alanlar\u0131n\u0131, merkezi konumlara in\u015fa ederek hayat\u0131n\u0131z\u0131 kolayla\u015ft\u0131r\u0131yoruz. Besna\u2019n\u0131n ayr\u0131cal\u0131kl\u0131 ya\u015fam\u0131na siz de kat\u0131labilirsiniz. Detayl\u0131 Bilgi \u00d6zg\u00fcn ve Kaliteli&hellip; <a class=\"more-link\" href=\"https:\/\/besna.com.tr\/\">Continue reading <span class=\"screen-reader-text\">Anasayfa<\/span><\/a><\/p>\n","protected":false},"author":1,"featured_media":0,"parent":0,"menu_order":0,"comment_status":"closed","ping_status":"closed","template":"elementor_header_footer","meta":{"footnotes":""},"class_list":["post-14","page","type-page","status-publish","hentry","entry"],"aioseo_notices":[],"_links":{"self":[{"href":"https:\/\/besna.com.tr\/index.php\/wp-json\/wp\/v2\/pages\/14","targetHints":{"allow":["GET"]}}],"collection":[{"href":"https:\/\/besna.com.tr\/index.php\/wp-json\/wp\/v2\/pages"}],"about":[{"href":"https:\/\/besna.com.tr\/index.php\/wp-json\/wp\/v2\/types\/page"}],"author":[{"embeddable":true,"href":"https:\/\/besna.com.tr\/index.php\/wp-json\/wp\/v2\/users\/1"}],"replies":[{"embeddable":true,"href":"https:\/\/besna.com.tr\/index.php\/wp-json\/wp\/v2\/comments?post=14"}],"version-history":[{"count":230,"href":"https:\/\/besna.com.tr\/index.php\/wp-json\/wp\/v2\/pages\/14\/revisions"}],"predecessor-version":[{"id":865,"href":"https:\/\/besna.com.tr\/index.php\/wp-json\/wp\/v2\/pages\/14\/revisions\/865"}],"wp:attachment":[{"href":"https:\/\/besna.com.tr\/index.php\/wp-json\/wp\/v2\/media?parent=14"}],"curies":[{"name":"wp","href":"https:\/\/api.w.org\/{rel}","templated":true}]}}