{"id":18,"date":"2021-09-14T14:06:19","date_gmt":"2021-09-14T14:06:19","guid":{"rendered":"http:\/\/besna.com.tr\/?page_id=18"},"modified":"2024-05-02T07:00:12","modified_gmt":"2024-05-02T07:00:12","slug":"projelerimiz","status":"publish","type":"page","link":"https:\/\/besna.com.tr\/index.php\/projelerimiz\/","title":{"rendered":"Projelerimiz"},"content":{"rendered":"\t\t<div data-elementor-type=\"wp-page\" data-elementor-id=\"18\" class=\"elementor elementor-18\" data-elementor-post-type=\"page\">\n\t\t\t\t\t\t<section class=\"elementor-section elementor-top-section elementor-element elementor-element-451852d3 elementor-section-boxed elementor-section-height-default elementor-section-height-default\" data-id=\"451852d3\" data-element_type=\"section\" data-settings=\"{&quot;background_background&quot;:&quot;classic&quot;}\">\n\t\t\t\t\t\t<div class=\"elementor-container elementor-column-gap-wide\">\n\t\t\t\t\t<div class=\"elementor-column elementor-col-50 elementor-top-column elementor-element elementor-element-68676c5c\" data-id=\"68676c5c\" data-element_type=\"column\">\n\t\t\t<div class=\"elementor-widget-wrap elementor-element-populated\">\n\t\t\t\t\t\t<div class=\"elementor-element elementor-element-217056a9 elementor-widget elementor-widget-heading\" data-id=\"217056a9\" data-element_type=\"widget\" data-widget_type=\"heading.default\">\n\t\t\t\t<div class=\"elementor-widget-container\">\n\t\t\t\t\t<h4 class=\"elementor-heading-title elementor-size-default\">Projelerimiz <\/h4>\t\t\t\t<\/div>\n\t\t\t\t<\/div>\n\t\t\t\t<div class=\"elementor-element elementor-element-521ca231 elementor-widget elementor-widget-heading\" data-id=\"521ca231\" data-element_type=\"widget\" data-widget_type=\"heading.default\">\n\t\t\t\t<div class=\"elementor-widget-container\">\n\t\t\t\t\t<h1 class=\"elementor-heading-title elementor-size-default\">\u015eehre prestij, size konfor  kazand\u0131ran projelerimiz<\/h1>\t\t\t\t<\/div>\n\t\t\t\t<\/div>\n\t\t\t\t\t<\/div>\n\t\t<\/div>\n\t\t\t\t<div class=\"elementor-column elementor-col-50 elementor-top-column elementor-element elementor-element-18cbedd0\" data-id=\"18cbedd0\" data-element_type=\"column\">\n\t\t\t<div class=\"elementor-widget-wrap\">\n\t\t\t\t\t\t\t<\/div>\n\t\t<\/div>\n\t\t\t\t\t<\/div>\n\t\t<\/section>\n\t\t\t\t<section class=\"elementor-section elementor-top-section elementor-element elementor-element-6f34f7d6 elementor-section-boxed elementor-section-height-default elementor-section-height-default\" data-id=\"6f34f7d6\" data-element_type=\"section\" data-settings=\"{&quot;background_background&quot;:&quot;classic&quot;}\">\n\t\t\t\t\t\t<div class=\"elementor-container elementor-column-gap-wide\">\n\t\t\t\t\t<div class=\"elementor-column elementor-col-50 elementor-top-column elementor-element elementor-element-f86e70c\" data-id=\"f86e70c\" data-element_type=\"column\">\n\t\t\t<div class=\"elementor-widget-wrap elementor-element-populated\">\n\t\t\t\t\t\t<div class=\"elementor-element elementor-element-211c36f elementor-widget elementor-widget-image\" data-id=\"211c36f\" data-element_type=\"widget\" data-widget_type=\"image.default\">\n\t\t\t\t<div class=\"elementor-widget-container\">\n\t\t\t\t\t\t\t\t\t\t\t\t\t\t\t\t<a href=\"http:\/\/besna.com.tr\/index.php\/besna-han-konutlari\/\">\n\t\t\t\t\t\t\t<img fetchpriority=\"high\" decoding=\"async\" width=\"750\" height=\"990\" src=\"https:\/\/besna.com.tr\/wp-content\/uploads\/2024\/05\/besna-han-true-776x1024.jpg\" class=\"attachment-large size-large wp-image-956\" alt=\"\" srcset=\"https:\/\/besna.com.tr\/wp-content\/uploads\/2024\/05\/besna-han-true-776x1024.jpg 776w, https:\/\/besna.com.tr\/wp-content\/uploads\/2024\/05\/besna-han-true-227x300.jpg 227w, https:\/\/besna.com.tr\/wp-content\/uploads\/2024\/05\/besna-han-true-768x1014.jpg 768w, https:\/\/besna.com.tr\/wp-content\/uploads\/2024\/05\/besna-han-true-600x792.jpg 600w, https:\/\/besna.com.tr\/wp-content\/uploads\/2024\/05\/besna-han-true.jpg 1012w\" sizes=\"(max-width: 750px) 100vw, 750px\" style=\"width:100%;height:132.02%;max-width:1012px\" \/>\t\t\t\t\t\t\t\t<\/a>\n\t\t\t\t\t\t\t\t\t\t\t\t\t\t\t<\/div>\n\t\t\t\t<\/div>\n\t\t\t\t<section class=\"elementor-section elementor-inner-section elementor-element elementor-element-4d5d252 elementor-section-boxed elementor-section-height-default elementor-section-height-default\" data-id=\"4d5d252\" data-element_type=\"section\" data-settings=\"{&quot;background_background&quot;:&quot;classic&quot;}\">\n\t\t\t\t\t\t<div class=\"elementor-container elementor-column-gap-wide\">\n\t\t\t\t\t<div class=\"elementor-column elementor-col-100 elementor-inner-column elementor-element elementor-element-59538c6\" data-id=\"59538c6\" data-element_type=\"column\">\n\t\t\t<div class=\"elementor-widget-wrap elementor-element-populated\">\n\t\t\t\t\t\t<div class=\"elementor-element elementor-element-02b5202 elementor-widget elementor-widget-heading\" data-id=\"02b5202\" data-element_type=\"widget\" data-widget_type=\"heading.default\">\n\t\t\t\t<div class=\"elementor-widget-container\">\n\t\t\t\t\t<h6 class=\"elementor-heading-title elementor-size-default\">Detayl\u0131 Bilgi <\/h6>\t\t\t\t<\/div>\n\t\t\t\t<\/div>\n\t\t\t\t<div class=\"elementor-element elementor-element-6fbfa26 elementor-widget elementor-widget-heading\" data-id=\"6fbfa26\" data-element_type=\"widget\" data-widget_type=\"heading.default\">\n\t\t\t\t<div class=\"elementor-widget-container\">\n\t\t\t\t\t<h4 class=\"elementor-heading-title elementor-size-default\">BESNA HAN <\/h4>\t\t\t\t<\/div>\n\t\t\t\t<\/div>\n\t\t\t\t<div class=\"elementor-element elementor-element-192316e elementor-widget elementor-widget-text-editor\" data-id=\"192316e\" data-element_type=\"widget\" data-widget_type=\"text-editor.default\">\n\t\t\t\t<div class=\"elementor-widget-container\">\n\t\t\t\t\t\t\t\t\t<p><span class=\"inprojem\">Besna Handa, mutlu bir ya\u015fam ba\u015flad\u0131. Bizi se\u00e7en m\u00fc\u015fterilerimize Besna fark\u0131n\u0131 ya\u015fatmaya devam edece\u011fiz.<\/span><\/p>\t\t\t\t\t\t\t\t<\/div>\n\t\t\t\t<\/div>\n\t\t\t\t\t<\/div>\n\t\t<\/div>\n\t\t\t\t\t<\/div>\n\t\t<\/section>\n\t\t\t\t\t<\/div>\n\t\t<\/div>\n\t\t\t\t<div class=\"elementor-column elementor-col-50 elementor-top-column elementor-element elementor-element-39753e13\" data-id=\"39753e13\" data-element_type=\"column\">\n\t\t\t<div class=\"elementor-widget-wrap elementor-element-populated\">\n\t\t\t\t\t\t<div class=\"elementor-element elementor-element-65089403 elementor-widget elementor-widget-image\" data-id=\"65089403\" data-element_type=\"widget\" data-widget_type=\"image.default\">\n\t\t\t\t<div class=\"elementor-widget-container\">\n\t\t\t\t\t\t\t\t\t\t\t\t\t\t\t\t<a href=\"http:\/\/besna.com.tr\/index.php\/besna-turkuaz\/\">\n\t\t\t\t\t\t\t<img decoding=\"async\" width=\"750\" height=\"990\" src=\"https:\/\/besna.com.tr\/wp-content\/uploads\/2021\/09\/besna-turkuaz-776x1024.jpg\" class=\"attachment-large size-large wp-image-306\" alt=\"\" srcset=\"https:\/\/besna.com.tr\/wp-content\/uploads\/2021\/09\/besna-turkuaz-776x1024.jpg 776w, https:\/\/besna.com.tr\/wp-content\/uploads\/2021\/09\/besna-turkuaz-227x300.jpg 227w, https:\/\/besna.com.tr\/wp-content\/uploads\/2021\/09\/besna-turkuaz-768x1014.jpg 768w, https:\/\/besna.com.tr\/wp-content\/uploads\/2021\/09\/besna-turkuaz-600x792.jpg 600w, https:\/\/besna.com.tr\/wp-content\/uploads\/2021\/09\/besna-turkuaz.jpg 1012w\" sizes=\"(max-width: 750px) 100vw, 750px\" style=\"width:100%;height:132.02%;max-width:1012px\" \/>\t\t\t\t\t\t\t\t<\/a>\n\t\t\t\t\t\t\t\t\t\t\t\t\t\t\t<\/div>\n\t\t\t\t<\/div>\n\t\t\t\t<section class=\"elementor-section elementor-inner-section elementor-element elementor-element-666336d4 elementor-section-boxed elementor-section-height-default elementor-section-height-default\" data-id=\"666336d4\" data-element_type=\"section\" data-settings=\"{&quot;background_background&quot;:&quot;classic&quot;}\">\n\t\t\t\t\t\t<div class=\"elementor-container elementor-column-gap-wide\">\n\t\t\t\t\t<div class=\"elementor-column elementor-col-100 elementor-inner-column elementor-element elementor-element-4f26d491\" data-id=\"4f26d491\" data-element_type=\"column\">\n\t\t\t<div class=\"elementor-widget-wrap elementor-element-populated\">\n\t\t\t\t\t\t<div class=\"elementor-element elementor-element-9cb2386 elementor-widget elementor-widget-heading\" data-id=\"9cb2386\" data-element_type=\"widget\" data-widget_type=\"heading.default\">\n\t\t\t\t<div class=\"elementor-widget-container\">\n\t\t\t\t\t<h6 class=\"elementor-heading-title elementor-size-default\">Detayl\u0131 Bilgi <\/h6>\t\t\t\t<\/div>\n\t\t\t\t<\/div>\n\t\t\t\t<div class=\"elementor-element elementor-element-6af7a360 elementor-widget elementor-widget-heading\" data-id=\"6af7a360\" data-element_type=\"widget\" data-widget_type=\"heading.default\">\n\t\t\t\t<div class=\"elementor-widget-container\">\n\t\t\t\t\t<h4 class=\"elementor-heading-title elementor-size-default\">BESNA TURKUAZ<\/h4>\t\t\t\t<\/div>\n\t\t\t\t<\/div>\n\t\t\t\t<div class=\"elementor-element elementor-element-7a023931 elementor-widget elementor-widget-text-editor\" data-id=\"7a023931\" data-element_type=\"widget\" data-widget_type=\"text-editor.default\">\n\t\t\t\t<div class=\"elementor-widget-container\">\n\t\t\t\t\t\t\t\t\t<p>Hem i\u015flevsel hem de estetik unsurlar\u0131 birlikte bar\u0131nd\u0131ran Turkuaz, modern ve \u015f\u0131k dekorasyonuyla \u00f6ne \u00e7\u0131k\u0131yor.<\/p>\t\t\t\t\t\t\t\t<\/div>\n\t\t\t\t<\/div>\n\t\t\t\t\t<\/div>\n\t\t<\/div>\n\t\t\t\t\t<\/div>\n\t\t<\/section>\n\t\t\t\t\t<\/div>\n\t\t<\/div>\n\t\t\t\t\t<\/div>\n\t\t<\/section>\n\t\t\t\t<section class=\"elementor-section elementor-top-section elementor-element elementor-element-d427094 elementor-section-boxed elementor-section-height-default elementor-section-height-default\" data-id=\"d427094\" data-element_type=\"section\" data-settings=\"{&quot;background_background&quot;:&quot;classic&quot;}\">\n\t\t\t\t\t\t<div class=\"elementor-container elementor-column-gap-wide\">\n\t\t\t\t\t<div class=\"elementor-column elementor-col-50 elementor-top-column elementor-element elementor-element-163ddec\" data-id=\"163ddec\" data-element_type=\"column\">\n\t\t\t<div class=\"elementor-widget-wrap elementor-element-populated\">\n\t\t\t\t\t\t<div class=\"elementor-element elementor-element-d099efb elementor-widget elementor-widget-image\" data-id=\"d099efb\" data-element_type=\"widget\" data-widget_type=\"image.default\">\n\t\t\t\t<div class=\"elementor-widget-container\">\n\t\t\t\t\t\t\t\t\t\t\t\t\t\t\t\t<a href=\"http:\/\/besna.com.tr\/index.php\/mercan-konutlari\/\">\n\t\t\t\t\t\t\t<img decoding=\"async\" width=\"750\" height=\"990\" src=\"https:\/\/besna.com.tr\/wp-content\/uploads\/2021\/09\/mercan-konutlari-776x1024.jpg\" class=\"attachment-large size-large wp-image-308\" alt=\"\" srcset=\"https:\/\/besna.com.tr\/wp-content\/uploads\/2021\/09\/mercan-konutlari-776x1024.jpg 776w, https:\/\/besna.com.tr\/wp-content\/uploads\/2021\/09\/mercan-konutlari-227x300.jpg 227w, https:\/\/besna.com.tr\/wp-content\/uploads\/2021\/09\/mercan-konutlari-768x1014.jpg 768w, https:\/\/besna.com.tr\/wp-content\/uploads\/2021\/09\/mercan-konutlari-600x792.jpg 600w, https:\/\/besna.com.tr\/wp-content\/uploads\/2021\/09\/mercan-konutlari.jpg 1012w\" sizes=\"(max-width: 750px) 100vw, 750px\" style=\"width:100%;height:132.02%;max-width:1012px\" \/>\t\t\t\t\t\t\t\t<\/a>\n\t\t\t\t\t\t\t\t\t\t\t\t\t\t\t<\/div>\n\t\t\t\t<\/div>\n\t\t\t\t<section class=\"elementor-section elementor-inner-section elementor-element elementor-element-b3aa18e elementor-section-boxed elementor-section-height-default elementor-section-height-default\" data-id=\"b3aa18e\" data-element_type=\"section\" data-settings=\"{&quot;background_background&quot;:&quot;classic&quot;}\">\n\t\t\t\t\t\t<div class=\"elementor-container elementor-column-gap-wide\">\n\t\t\t\t\t<div class=\"elementor-column elementor-col-100 elementor-inner-column elementor-element elementor-element-e9afd71\" data-id=\"e9afd71\" data-element_type=\"column\">\n\t\t\t<div class=\"elementor-widget-wrap elementor-element-populated\">\n\t\t\t\t\t\t<div class=\"elementor-element elementor-element-3cf372c elementor-widget elementor-widget-heading\" data-id=\"3cf372c\" data-element_type=\"widget\" data-widget_type=\"heading.default\">\n\t\t\t\t<div class=\"elementor-widget-container\">\n\t\t\t\t\t<h6 class=\"elementor-heading-title elementor-size-default\">Detayl\u0131 Bilgi <\/h6>\t\t\t\t<\/div>\n\t\t\t\t<\/div>\n\t\t\t\t<div class=\"elementor-element elementor-element-8b317eb elementor-widget elementor-widget-heading\" data-id=\"8b317eb\" data-element_type=\"widget\" data-widget_type=\"heading.default\">\n\t\t\t\t<div class=\"elementor-widget-container\">\n\t\t\t\t\t<h4 class=\"elementor-heading-title elementor-size-default\">BESNA MERCAN<\/h4>\t\t\t\t<\/div>\n\t\t\t\t<\/div>\n\t\t\t\t<div class=\"elementor-element elementor-element-38dcb51 elementor-widget elementor-widget-text-editor\" data-id=\"38dcb51\" data-element_type=\"widget\" data-widget_type=\"text-editor.default\">\n\t\t\t\t<div class=\"elementor-widget-container\">\n\t\t\t\t\t\t\t\t\t<p><span class=\"inprojem\">Mutlu bir ya\u015fam\u0131, kaliteyi ve konforu se\u00e7enler Mercan Konutlar\u0131nda bulu\u015ftu ve huzurlu bir ya\u015fam ba\u015flad\u0131.<\/span><\/p>\t\t\t\t\t\t\t\t<\/div>\n\t\t\t\t<\/div>\n\t\t\t\t\t<\/div>\n\t\t<\/div>\n\t\t\t\t\t<\/div>\n\t\t<\/section>\n\t\t\t\t\t<\/div>\n\t\t<\/div>\n\t\t\t\t<div class=\"elementor-column elementor-col-50 elementor-top-column elementor-element elementor-element-476bf\" data-id=\"476bf\" data-element_type=\"column\">\n\t\t\t<div class=\"elementor-widget-wrap elementor-element-populated\">\n\t\t\t\t\t\t<div class=\"elementor-element elementor-element-7bd01ff3 elementor-widget elementor-widget-image\" data-id=\"7bd01ff3\" data-element_type=\"widget\" data-widget_type=\"image.default\">\n\t\t\t\t<div class=\"elementor-widget-container\">\n\t\t\t\t\t\t\t\t\t\t\t\t\t\t\t\t<a href=\"http:\/\/besna.com.tr\/index.php\/besna-konagi\/\">\n\t\t\t\t\t\t\t<img loading=\"lazy\" decoding=\"async\" width=\"750\" height=\"990\" src=\"https:\/\/besna.com.tr\/wp-content\/uploads\/2021\/09\/besna-konag\u0306i-776x1024.jpg\" class=\"attachment-large size-large wp-image-307\" alt=\"\" srcset=\"https:\/\/besna.com.tr\/wp-content\/uploads\/2021\/09\/besna-konag\u0306i-776x1024.jpg 776w, https:\/\/besna.com.tr\/wp-content\/uploads\/2021\/09\/besna-konag\u0306i-227x300.jpg 227w, https:\/\/besna.com.tr\/wp-content\/uploads\/2021\/09\/besna-konag\u0306i-768x1014.jpg 768w, https:\/\/besna.com.tr\/wp-content\/uploads\/2021\/09\/besna-konag\u0306i-600x792.jpg 600w, https:\/\/besna.com.tr\/wp-content\/uploads\/2021\/09\/besna-konag\u0306i.jpg 1012w\" sizes=\"(max-width: 750px) 100vw, 750px\" style=\"width:100%;height:132.02%;max-width:1012px\" \/>\t\t\t\t\t\t\t\t<\/a>\n\t\t\t\t\t\t\t\t\t\t\t\t\t\t\t<\/div>\n\t\t\t\t<\/div>\n\t\t\t\t<section class=\"elementor-section elementor-inner-section elementor-element elementor-element-2f04275c elementor-section-boxed elementor-section-height-default elementor-section-height-default\" data-id=\"2f04275c\" data-element_type=\"section\" data-settings=\"{&quot;background_background&quot;:&quot;classic&quot;}\">\n\t\t\t\t\t\t<div class=\"elementor-container elementor-column-gap-wide\">\n\t\t\t\t\t<div class=\"elementor-column elementor-col-100 elementor-inner-column elementor-element elementor-element-579fed60\" data-id=\"579fed60\" data-element_type=\"column\">\n\t\t\t<div class=\"elementor-widget-wrap elementor-element-populated\">\n\t\t\t\t\t\t<div class=\"elementor-element elementor-element-78879d71 elementor-widget elementor-widget-heading\" data-id=\"78879d71\" data-element_type=\"widget\" data-widget_type=\"heading.default\">\n\t\t\t\t<div class=\"elementor-widget-container\">\n\t\t\t\t\t<h6 class=\"elementor-heading-title elementor-size-default\">Detayl\u0131 Bilgi <\/h6>\t\t\t\t<\/div>\n\t\t\t\t<\/div>\n\t\t\t\t<div class=\"elementor-element elementor-element-79ce6e0f elementor-widget elementor-widget-heading\" data-id=\"79ce6e0f\" data-element_type=\"widget\" data-widget_type=\"heading.default\">\n\t\t\t\t<div class=\"elementor-widget-container\">\n\t\t\t\t\t<h4 class=\"elementor-heading-title elementor-size-default\">BESNA KONA\u011eI<\/h4>\t\t\t\t<\/div>\n\t\t\t\t<\/div>\n\t\t\t\t<div class=\"elementor-element elementor-element-6795bee8 elementor-widget elementor-widget-text-editor\" data-id=\"6795bee8\" data-element_type=\"widget\" data-widget_type=\"text-editor.default\">\n\t\t\t\t<div class=\"elementor-widget-container\">\n\t\t\t\t\t\t\t\t\t<p><span class=\"inprojem\">Besna Kona\u011f\u0131nda, mutlu bir ya\u015fam ba\u015flad\u0131. Bizi se\u00e7en m\u00fc\u015fterilerimize Besna fark\u0131n\u0131 ya\u015fatmaya devam edece\u011fiz.<\/span><\/p>\t\t\t\t\t\t\t\t<\/div>\n\t\t\t\t<\/div>\n\t\t\t\t\t<\/div>\n\t\t<\/div>\n\t\t\t\t\t<\/div>\n\t\t<\/section>\n\t\t\t\t\t<\/div>\n\t\t<\/div>\n\t\t\t\t\t<\/div>\n\t\t<\/section>\n\t\t\t\t<section class=\"elementor-section elementor-top-section elementor-element elementor-element-1d1c050 elementor-section-boxed elementor-section-height-default elementor-section-height-default\" data-id=\"1d1c050\" data-element_type=\"section\">\n\t\t\t\t\t\t<div class=\"elementor-container elementor-column-gap-default\">\n\t\t\t\t\t<div class=\"elementor-column elementor-col-100 elementor-top-column elementor-element elementor-element-2cf142c\" data-id=\"2cf142c\" data-element_type=\"column\">\n\t\t\t<div class=\"elementor-widget-wrap elementor-element-populated\">\n\t\t\t\t\t\t<div class=\"elementor-element elementor-element-b243310 elementor-widget elementor-widget-spacer\" data-id=\"b243310\" data-element_type=\"widget\" data-widget_type=\"spacer.default\">\n\t\t\t\t<div class=\"elementor-widget-container\">\n\t\t\t\t\t\t\t<div class=\"elementor-spacer\">\n\t\t\t<div class=\"elementor-spacer-inner\"><\/div>\n\t\t<\/div>\n\t\t\t\t\t\t<\/div>\n\t\t\t\t<\/div>\n\t\t\t\t\t<\/div>\n\t\t<\/div>\n\t\t\t\t\t<\/div>\n\t\t<\/section>\n\t\t\t\t<section class=\"elementor-section elementor-top-section elementor-element elementor-element-929f61c elementor-section-height-min-height elementor-section-boxed elementor-section-height-default elementor-section-items-middle\" data-id=\"929f61c\" data-element_type=\"section\" data-settings=\"{&quot;background_background&quot;:&quot;classic&quot;}\">\n\t\t\t\t\t\t\t<div class=\"elementor-background-overlay\"><\/div>\n\t\t\t\t\t\t\t<div class=\"elementor-container elementor-column-gap-wide\">\n\t\t\t\t\t<div class=\"elementor-column elementor-col-100 elementor-top-column elementor-element elementor-element-95e4f67\" data-id=\"95e4f67\" data-element_type=\"column\">\n\t\t\t<div class=\"elementor-widget-wrap elementor-element-populated\">\n\t\t\t\t\t\t<div class=\"elementor-element elementor-element-c8a0d39 elementor-widget elementor-widget-heading\" data-id=\"c8a0d39\" data-element_type=\"widget\" data-widget_type=\"heading.default\">\n\t\t\t\t<div class=\"elementor-widget-container\">\n\t\t\t\t\t<h2 class=\"elementor-heading-title elementor-size-default\">\u0130Y\u0130 B\u0130R YA\u015eAM <BR>\u0130Y\u0130 B\u0130R GELECEK<\/h2>\t\t\t\t<\/div>\n\t\t\t\t<\/div>\n\t\t\t\t<div class=\"elementor-element elementor-element-c861232 elementor-view-default elementor-widget elementor-widget-icon\" data-id=\"c861232\" data-element_type=\"widget\" data-widget_type=\"icon.default\">\n\t\t\t\t<div class=\"elementor-widget-container\">\n\t\t\t\t\t\t\t<div class=\"elementor-icon-wrapper\">\n\t\t\t<a class=\"elementor-icon elementor-animation-wobble-horizontal\" href=\"http:\/\/besna.com.tr\/index.php\/iletisim\/\" target=\"_blank\">\n\t\t\t<i aria-hidden=\"true\" class=\"far fa-arrow-alt-circle-right\"><\/i>\t\t\t<\/a>\n\t\t<\/div>\n\t\t\t\t\t\t<\/div>\n\t\t\t\t<\/div>\n\t\t\t\t\t<\/div>\n\t\t<\/div>\n\t\t\t\t\t<\/div>\n\t\t<\/section>\n\t\t\t\t<section class=\"elementor-section elementor-top-section elementor-element elementor-element-b35e7cb elementor-section-boxed elementor-section-height-default elementor-section-height-default\" data-id=\"b35e7cb\" data-element_type=\"section\">\n\t\t\t\t\t\t<div class=\"elementor-container elementor-column-gap-default\">\n\t\t\t\t\t<div class=\"elementor-column elementor-col-100 elementor-top-column elementor-element elementor-element-1eab04c\" data-id=\"1eab04c\" data-element_type=\"column\">\n\t\t\t<div class=\"elementor-widget-wrap elementor-element-populated\">\n\t\t\t\t\t\t<div class=\"elementor-element elementor-element-5fbd51e elementor-widget elementor-widget-spacer\" data-id=\"5fbd51e\" data-element_type=\"widget\" data-widget_type=\"spacer.default\">\n\t\t\t\t<div class=\"elementor-widget-container\">\n\t\t\t\t\t\t\t<div class=\"elementor-spacer\">\n\t\t\t<div class=\"elementor-spacer-inner\"><\/div>\n\t\t<\/div>\n\t\t\t\t\t\t<\/div>\n\t\t\t\t<\/div>\n\t\t\t\t\t<\/div>\n\t\t<\/div>\n\t\t\t\t\t<\/div>\n\t\t<\/section>\n\t\t\t\t<\/div>\n\t\t","protected":false},"excerpt":{"rendered":"<p>Projelerimiz \u015eehre prestij, size konfor kazand\u0131ran projelerimiz Detayl\u0131 Bilgi BESNA HAN Besna Handa, mutlu bir ya\u015fam ba\u015flad\u0131. Bizi se\u00e7en m\u00fc\u015fterilerimize Besna fark\u0131n\u0131 ya\u015fatmaya devam edece\u011fiz. Detayl\u0131 Bilgi BESNA TURKUAZ Hem i\u015flevsel hem de estetik unsurlar\u0131 birlikte bar\u0131nd\u0131ran Turkuaz, modern ve \u015f\u0131k dekorasyonuyla \u00f6ne \u00e7\u0131k\u0131yor. Detayl\u0131 Bilgi BESNA MERCAN Mutlu bir ya\u015fam\u0131, kaliteyi ve konforu se\u00e7enler&hellip; <a class=\"more-link\" href=\"https:\/\/besna.com.tr\/index.php\/projelerimiz\/\">Continue reading <span class=\"screen-reader-text\">Projelerimiz<\/span><\/a><\/p>\n","protected":false},"author":1,"featured_media":0,"parent":0,"menu_order":0,"comment_status":"closed","ping_status":"closed","template":"","meta":{"footnotes":""},"class_list":["post-18","page","type-page","status-publish","hentry","entry"],"aioseo_notices":[],"_links":{"self":[{"href":"https:\/\/besna.com.tr\/index.php\/wp-json\/wp\/v2\/pages\/18","targetHints":{"allow":["GET"]}}],"collection":[{"href":"https:\/\/besna.com.tr\/index.php\/wp-json\/wp\/v2\/pages"}],"about":[{"href":"https:\/\/besna.com.tr\/index.php\/wp-json\/wp\/v2\/types\/page"}],"author":[{"embeddable":true,"href":"https:\/\/besna.com.tr\/index.php\/wp-json\/wp\/v2\/users\/1"}],"replies":[{"embeddable":true,"href":"https:\/\/besna.com.tr\/index.php\/wp-json\/wp\/v2\/comments?post=18"}],"version-history":[{"count":46,"href":"https:\/\/besna.com.tr\/index.php\/wp-json\/wp\/v2\/pages\/18\/revisions"}],"predecessor-version":[{"id":981,"href":"https:\/\/besna.com.tr\/index.php\/wp-json\/wp\/v2\/pages\/18\/revisions\/981"}],"wp:attachment":[{"href":"https:\/\/besna.com.tr\/index.php\/wp-json\/wp\/v2\/media?parent=18"}],"curies":[{"name":"wp","href":"https:\/\/api.w.org\/{rel}","templated":true}]}}